{"id":69,"date":"2020-01-27T08:05:29","date_gmt":"2020-01-27T08:05:29","guid":{"rendered":"https:\/\/demosites.io\/web-agency-gb\/?page_id=69"},"modified":"2021-03-18T09:36:41","modified_gmt":"2021-03-18T09:36:41","slug":"productos","status":"publish","type":"page","link":"https:\/\/puertasatlantico.es\/web\/index.php\/productos\/","title":{"rendered":"Productos"},"content":{"rendered":"\n<div class=\"wp-block-cover alignfull has-nv-light-bg-background-color has-background-dim\" style=\"min-height:600px;aspect-ratio:unset;\"><div class=\"wp-block-cover__inner-container is-layout-flow wp-block-cover-is-layout-flow\">\n<div class=\"wp-block-group\"><div class=\"wp-block-group__inner-container is-layout-flow wp-block-group-is-layout-flow\">\n<div style=\"height:45px\" aria-hidden=\"true\" class=\"wp-block-spacer\"><\/div>\n\n\n\n<div class=\"wp-block-columns are-vertically-aligned-top is-layout-flex wp-container-core-columns-is-layout-9d6595d7 wp-block-columns-is-layout-flex\">\n<div class=\"wp-block-column is-vertically-aligned-top is-layout-flow wp-block-column-is-layout-flow\" style=\"flex-basis:50%\">\n<div class=\"wp-block-image\"><figure class=\"aligncenter size-large is-resized\"><img data-recalc-dims=\"1\" loading=\"lazy\" decoding=\"async\" src=\"https:\/\/i0.wp.com\/puertasatlantico.es\/web\/wp-content\/uploads\/2021\/02\/gama-industrial.jpg?resize=450%2C450&#038;ssl=1\" alt=\"\" class=\"wp-image-327\" width=\"450\" height=\"450\" srcset=\"https:\/\/i0.wp.com\/puertasatlantico.es\/web\/wp-content\/uploads\/2021\/02\/gama-industrial.jpg?w=600&amp;ssl=1 600w, https:\/\/i0.wp.com\/puertasatlantico.es\/web\/wp-content\/uploads\/2021\/02\/gama-industrial.jpg?resize=300%2C300&amp;ssl=1 300w, https:\/\/i0.wp.com\/puertasatlantico.es\/web\/wp-content\/uploads\/2021\/02\/gama-industrial.jpg?resize=150%2C150&amp;ssl=1 150w\" sizes=\"auto, (max-width: 450px) 100vw, 450px\" \/><\/figure><\/div>\n\n\n\n<h3 class=\"has-text-align-center has-neve-text-color-color has-text-color wp-block-heading\">Gama industrial<\/h3>\n\n\n\n<p class=\"has-text-align-center has-neve-text-color-color has-text-color\">Nuestros productos dirigidos al mundo empresarial est\u00e1n muy diversificados, incluyendo todo tipo de puertas y cierres, controles de acceso, protecciones y se\u00f1alizaciones.<\/p>\n\n\n\n<div class=\"wp-block-buttons aligncenter is-layout-flex wp-block-buttons-is-layout-flex\">\n<div class=\"wp-block-button is-style-primary\"><a class=\"wp-block-button__link has-nv-site-bg-color has-text-color\" href=\"https:\/\/puertasatlantico.es\/web\/index.php\/productos\/gama-industrial\/\" style=\"border-radius:5px\">VER PRODUCTOS<\/a><\/div>\n<\/div>\n\n\n\n<div style=\"height:40px\" aria-hidden=\"true\" class=\"wp-block-spacer\"><\/div>\n<\/div>\n\n\n\n<div class=\"wp-block-column is-vertically-aligned-top is-layout-flow wp-block-column-is-layout-flow\" style=\"flex-basis:50%\">\n<div class=\"wp-block-image\"><figure class=\"aligncenter size-large is-resized\"><img data-recalc-dims=\"1\" loading=\"lazy\" decoding=\"async\" src=\"https:\/\/i0.wp.com\/puertasatlantico.es\/web\/wp-content\/uploads\/2021\/02\/gama-residencial.jpg?resize=450%2C450&#038;ssl=1\" alt=\"\" class=\"wp-image-328\" width=\"450\" height=\"450\" srcset=\"https:\/\/i0.wp.com\/puertasatlantico.es\/web\/wp-content\/uploads\/2021\/02\/gama-residencial.jpg?w=600&amp;ssl=1 600w, https:\/\/i0.wp.com\/puertasatlantico.es\/web\/wp-content\/uploads\/2021\/02\/gama-residencial.jpg?resize=300%2C300&amp;ssl=1 300w, https:\/\/i0.wp.com\/puertasatlantico.es\/web\/wp-content\/uploads\/2021\/02\/gama-residencial.jpg?resize=150%2C150&amp;ssl=1 150w\" sizes=\"auto, (max-width: 450px) 100vw, 450px\" \/><\/figure><\/div>\n\n\n\n<h3 class=\"has-text-align-center has-neve-text-color-color has-text-color wp-block-heading\">Gama residencial<\/h3>\n\n\n\n<p class=\"has-text-align-center has-neve-text-color-color has-text-color\">Orientados a particulares y comunidades, estos productos incluyen una amplia gama de formatos de puertas y cierres, nos adaptamos a tus necesidades.<\/p>\n\n\n\n<div class=\"wp-block-buttons aligncenter is-layout-flex wp-block-buttons-is-layout-flex\">\n<div class=\"wp-block-button is-style-primary\"><a class=\"wp-block-button__link has-nv-site-bg-color has-text-color\" href=\"https:\/\/puertasatlantico.es\/web\/index.php\/productos\/gama-residencial\/\" style=\"border-radius:5px\">VER PRODUCTOS<\/a><\/div>\n<\/div>\n\n\n\n<div style=\"height:40px\" aria-hidden=\"true\" class=\"wp-block-spacer\"><\/div>\n\n\n\n<p><\/p>\n<\/div>\n<\/div>\n<\/div><\/div>\n<\/div><\/div>\n","protected":false},"excerpt":{"rendered":"","protected":false},"author":1,"featured_media":0,"parent":0,"menu_order":0,"comment_status":"closed","ping_status":"closed","template":"","meta":{"neve_meta_sidebar":"full-width","neve_meta_container":"","neve_meta_enable_content_width":"on","neve_meta_content_width":100,"neve_meta_title_alignment":"center","neve_meta_author_avatar":"","neve_post_elements_order":"","neve_meta_disable_header":"","neve_meta_disable_footer":"","neve_meta_disable_title":"on","footnotes":""},"class_list":["post-69","page","type-page","status-publish","hentry"],"yoast_head":"<!-- This site is optimized with the Yoast SEO plugin v26.6 - https:\/\/yoast.com\/wordpress\/plugins\/seo\/ -->\n<title>Productos - Puertas Atl\u00e1ntico<\/title>\n<meta name=\"description\" content=\"Puertas y cierres industriales y dom\u00e9sticos. Mantenimiento y reparaci\u00f3n. Empresa con certificados CE, porque la seguridad es lo primero.\" \/>\n<meta name=\"robots\" content=\"index, follow, max-snippet:-1, max-image-preview:large, max-video-preview:-1\" \/>\n<link rel=\"canonical\" href=\"https:\/\/puertasatlantico.es\/web\/index.php\/productos\/\" \/>\n<meta property=\"og:locale\" content=\"es_ES\" \/>\n<meta property=\"og:type\" content=\"article\" \/>\n<meta property=\"og:title\" content=\"Productos - Puertas Atl\u00e1ntico\" \/>\n<meta property=\"og:description\" content=\"Puertas y cierres industriales y dom\u00e9sticos. Mantenimiento y reparaci\u00f3n. Empresa con certificados CE, porque la seguridad es lo primero.\" \/>\n<meta property=\"og:url\" content=\"https:\/\/puertasatlantico.es\/web\/index.php\/productos\/\" \/>\n<meta property=\"og:site_name\" content=\"Puertas Atl\u00e1ntico\" \/>\n<meta property=\"article:modified_time\" content=\"2021-03-18T09:36:41+00:00\" \/>\n<meta property=\"og:image\" content=\"https:\/\/puertasatlantico.es\/web\/wp-content\/uploads\/2021\/02\/gama-industrial.jpg\" \/>\n<meta name=\"twitter:card\" content=\"summary_large_image\" \/>\n<meta name=\"twitter:label1\" content=\"Tiempo de lectura\" \/>\n\t<meta name=\"twitter:data1\" content=\"1 minuto\" \/>\n<script type=\"application\/ld+json\" class=\"yoast-schema-graph\">{\"@context\":\"https:\/\/schema.org\",\"@graph\":[{\"@type\":\"WebPage\",\"@id\":\"https:\/\/puertasatlantico.es\/web\/index.php\/productos\/\",\"url\":\"https:\/\/puertasatlantico.es\/web\/index.php\/productos\/\",\"name\":\"Productos - Puertas Atl\u00e1ntico\",\"isPartOf\":{\"@id\":\"https:\/\/puertasatlantico.es\/web\/#website\"},\"primaryImageOfPage\":{\"@id\":\"https:\/\/puertasatlantico.es\/web\/index.php\/productos\/#primaryimage\"},\"image\":{\"@id\":\"https:\/\/puertasatlantico.es\/web\/index.php\/productos\/#primaryimage\"},\"thumbnailUrl\":\"https:\/\/puertasatlantico.es\/web\/wp-content\/uploads\/2021\/02\/gama-industrial.jpg\",\"datePublished\":\"2020-01-27T08:05:29+00:00\",\"dateModified\":\"2021-03-18T09:36:41+00:00\",\"description\":\"Puertas y cierres industriales y dom\u00e9sticos. Mantenimiento y reparaci\u00f3n. Empresa con certificados CE, porque la seguridad es lo primero.\",\"breadcrumb\":{\"@id\":\"https:\/\/puertasatlantico.es\/web\/index.php\/productos\/#breadcrumb\"},\"inLanguage\":\"es\",\"potentialAction\":[{\"@type\":\"ReadAction\",\"target\":[\"https:\/\/puertasatlantico.es\/web\/index.php\/productos\/\"]}]},{\"@type\":\"ImageObject\",\"inLanguage\":\"es\",\"@id\":\"https:\/\/puertasatlantico.es\/web\/index.php\/productos\/#primaryimage\",\"url\":\"https:\/\/i0.wp.com\/puertasatlantico.es\/web\/wp-content\/uploads\/2021\/02\/gama-industrial.jpg?fit=600%2C600&ssl=1\",\"contentUrl\":\"https:\/\/i0.wp.com\/puertasatlantico.es\/web\/wp-content\/uploads\/2021\/02\/gama-industrial.jpg?fit=600%2C600&ssl=1\",\"width\":600,\"height\":600},{\"@type\":\"BreadcrumbList\",\"@id\":\"https:\/\/puertasatlantico.es\/web\/index.php\/productos\/#breadcrumb\",\"itemListElement\":[{\"@type\":\"ListItem\",\"position\":1,\"name\":\"Portada\",\"item\":\"https:\/\/puertasatlantico.es\/web\/\"},{\"@type\":\"ListItem\",\"position\":2,\"name\":\"Productos\"}]},{\"@type\":\"WebSite\",\"@id\":\"https:\/\/puertasatlantico.es\/web\/#website\",\"url\":\"https:\/\/puertasatlantico.es\/web\/\",\"name\":\"Puertas Atl\u00e1ntico\",\"description\":\"La seguridad es lo primero\",\"publisher\":{\"@id\":\"https:\/\/puertasatlantico.es\/web\/#organization\"},\"potentialAction\":[{\"@type\":\"SearchAction\",\"target\":{\"@type\":\"EntryPoint\",\"urlTemplate\":\"https:\/\/puertasatlantico.es\/web\/?s={search_term_string}\"},\"query-input\":{\"@type\":\"PropertyValueSpecification\",\"valueRequired\":true,\"valueName\":\"search_term_string\"}}],\"inLanguage\":\"es\"},{\"@type\":\"Organization\",\"@id\":\"https:\/\/puertasatlantico.es\/web\/#organization\",\"name\":\"Puertas Atl\u00e1ntico\",\"url\":\"https:\/\/puertasatlantico.es\/web\/\",\"logo\":{\"@type\":\"ImageObject\",\"inLanguage\":\"es\",\"@id\":\"https:\/\/puertasatlantico.es\/web\/#\/schema\/logo\/image\/\",\"url\":\"https:\/\/i2.wp.com\/puertasatlantico.es\/web\/wp-content\/uploads\/2021\/02\/icono_logo_captura.jpg?fit=341%2C402&ssl=1\",\"contentUrl\":\"https:\/\/i2.wp.com\/puertasatlantico.es\/web\/wp-content\/uploads\/2021\/02\/icono_logo_captura.jpg?fit=341%2C402&ssl=1\",\"width\":341,\"height\":402,\"caption\":\"Puertas Atl\u00e1ntico\"},\"image\":{\"@id\":\"https:\/\/puertasatlantico.es\/web\/#\/schema\/logo\/image\/\"}}]}<\/script>\n<!-- \/ Yoast SEO plugin. -->","yoast_head_json":{"title":"Productos - Puertas Atl\u00e1ntico","description":"Puertas y cierres industriales y dom\u00e9sticos. Mantenimiento y reparaci\u00f3n. Empresa con certificados CE, porque la seguridad es lo primero.","robots":{"index":"index","follow":"follow","max-snippet":"max-snippet:-1","max-image-preview":"max-image-preview:large","max-video-preview":"max-video-preview:-1"},"canonical":"https:\/\/puertasatlantico.es\/web\/index.php\/productos\/","og_locale":"es_ES","og_type":"article","og_title":"Productos - Puertas Atl\u00e1ntico","og_description":"Puertas y cierres industriales y dom\u00e9sticos. Mantenimiento y reparaci\u00f3n. Empresa con certificados CE, porque la seguridad es lo primero.","og_url":"https:\/\/puertasatlantico.es\/web\/index.php\/productos\/","og_site_name":"Puertas Atl\u00e1ntico","article_modified_time":"2021-03-18T09:36:41+00:00","og_image":[{"url":"https:\/\/puertasatlantico.es\/web\/wp-content\/uploads\/2021\/02\/gama-industrial.jpg","type":"","width":"","height":""}],"twitter_card":"summary_large_image","twitter_misc":{"Tiempo de lectura":"1 minuto"},"schema":{"@context":"https:\/\/schema.org","@graph":[{"@type":"WebPage","@id":"https:\/\/puertasatlantico.es\/web\/index.php\/productos\/","url":"https:\/\/puertasatlantico.es\/web\/index.php\/productos\/","name":"Productos - Puertas Atl\u00e1ntico","isPartOf":{"@id":"https:\/\/puertasatlantico.es\/web\/#website"},"primaryImageOfPage":{"@id":"https:\/\/puertasatlantico.es\/web\/index.php\/productos\/#primaryimage"},"image":{"@id":"https:\/\/puertasatlantico.es\/web\/index.php\/productos\/#primaryimage"},"thumbnailUrl":"https:\/\/puertasatlantico.es\/web\/wp-content\/uploads\/2021\/02\/gama-industrial.jpg","datePublished":"2020-01-27T08:05:29+00:00","dateModified":"2021-03-18T09:36:41+00:00","description":"Puertas y cierres industriales y dom\u00e9sticos. Mantenimiento y reparaci\u00f3n. Empresa con certificados CE, porque la seguridad es lo primero.","breadcrumb":{"@id":"https:\/\/puertasatlantico.es\/web\/index.php\/productos\/#breadcrumb"},"inLanguage":"es","potentialAction":[{"@type":"ReadAction","target":["https:\/\/puertasatlantico.es\/web\/index.php\/productos\/"]}]},{"@type":"ImageObject","inLanguage":"es","@id":"https:\/\/puertasatlantico.es\/web\/index.php\/productos\/#primaryimage","url":"https:\/\/i0.wp.com\/puertasatlantico.es\/web\/wp-content\/uploads\/2021\/02\/gama-industrial.jpg?fit=600%2C600&ssl=1","contentUrl":"https:\/\/i0.wp.com\/puertasatlantico.es\/web\/wp-content\/uploads\/2021\/02\/gama-industrial.jpg?fit=600%2C600&ssl=1","width":600,"height":600},{"@type":"BreadcrumbList","@id":"https:\/\/puertasatlantico.es\/web\/index.php\/productos\/#breadcrumb","itemListElement":[{"@type":"ListItem","position":1,"name":"Portada","item":"https:\/\/puertasatlantico.es\/web\/"},{"@type":"ListItem","position":2,"name":"Productos"}]},{"@type":"WebSite","@id":"https:\/\/puertasatlantico.es\/web\/#website","url":"https:\/\/puertasatlantico.es\/web\/","name":"Puertas Atl\u00e1ntico","description":"La seguridad es lo primero","publisher":{"@id":"https:\/\/puertasatlantico.es\/web\/#organization"},"potentialAction":[{"@type":"SearchAction","target":{"@type":"EntryPoint","urlTemplate":"https:\/\/puertasatlantico.es\/web\/?s={search_term_string}"},"query-input":{"@type":"PropertyValueSpecification","valueRequired":true,"valueName":"search_term_string"}}],"inLanguage":"es"},{"@type":"Organization","@id":"https:\/\/puertasatlantico.es\/web\/#organization","name":"Puertas Atl\u00e1ntico","url":"https:\/\/puertasatlantico.es\/web\/","logo":{"@type":"ImageObject","inLanguage":"es","@id":"https:\/\/puertasatlantico.es\/web\/#\/schema\/logo\/image\/","url":"https:\/\/i2.wp.com\/puertasatlantico.es\/web\/wp-content\/uploads\/2021\/02\/icono_logo_captura.jpg?fit=341%2C402&ssl=1","contentUrl":"https:\/\/i2.wp.com\/puertasatlantico.es\/web\/wp-content\/uploads\/2021\/02\/icono_logo_captura.jpg?fit=341%2C402&ssl=1","width":341,"height":402,"caption":"Puertas Atl\u00e1ntico"},"image":{"@id":"https:\/\/puertasatlantico.es\/web\/#\/schema\/logo\/image\/"}}]}},"jetpack_sharing_enabled":true,"_links":{"self":[{"href":"https:\/\/puertasatlantico.es\/web\/index.php\/wp-json\/wp\/v2\/pages\/69","targetHints":{"allow":["GET"]}}],"collection":[{"href":"https:\/\/puertasatlantico.es\/web\/index.php\/wp-json\/wp\/v2\/pages"}],"about":[{"href":"https:\/\/puertasatlantico.es\/web\/index.php\/wp-json\/wp\/v2\/types\/page"}],"author":[{"embeddable":true,"href":"https:\/\/puertasatlantico.es\/web\/index.php\/wp-json\/wp\/v2\/users\/1"}],"replies":[{"embeddable":true,"href":"https:\/\/puertasatlantico.es\/web\/index.php\/wp-json\/wp\/v2\/comments?post=69"}],"version-history":[{"count":15,"href":"https:\/\/puertasatlantico.es\/web\/index.php\/wp-json\/wp\/v2\/pages\/69\/revisions"}],"predecessor-version":[{"id":1086,"href":"https:\/\/puertasatlantico.es\/web\/index.php\/wp-json\/wp\/v2\/pages\/69\/revisions\/1086"}],"wp:attachment":[{"href":"https:\/\/puertasatlantico.es\/web\/index.php\/wp-json\/wp\/v2\/media?parent=69"}],"curies":[{"name":"wp","href":"https:\/\/api.w.org\/{rel}","templated":true}]}}