{"id":75,"date":"2020-01-27T08:29:32","date_gmt":"2020-01-27T08:29:32","guid":{"rendered":"https:\/\/demosites.io\/web-agency-gb\/?page_id=75"},"modified":"2025-09-17T12:33:11","modified_gmt":"2025-09-17T12:33:11","slug":"contacto","status":"publish","type":"page","link":"https:\/\/puertasatlantico.es\/web\/index.php\/contacto\/","title":{"rendered":"Contacto"},"content":{"rendered":"\n<div class=\"wp-block-cover alignfull\" style=\"min-height:691px;aspect-ratio:unset;\"><span aria-hidden=\"true\" class=\"wp-block-cover__background has-nv-light-bg-background-color has-background-dim-100 has-background-dim\"><\/span><div class=\"wp-block-cover__inner-container is-layout-flow wp-block-cover-is-layout-flow\">\n<div style=\"height:80px\" aria-hidden=\"true\" class=\"wp-block-spacer\"><\/div>\n\n\n\n<div class=\"wp-block-columns is-layout-flex wp-container-core-columns-is-layout-62db62f3 wp-block-columns-is-layout-flex\" style=\"padding-top:0;padding-bottom:0\">\n<div class=\"wp-block-column ticss-4ce656f1 is-layout-flow wp-block-column-is-layout-flow\">\n<div style=\"height:24px\" aria-hidden=\"true\" class=\"wp-block-spacer\"><\/div>\n\n\n<div class=\"wp-block-image icon-style is-style-rounded\">\n<figure class=\"aligncenter size-large is-resized\"><img data-recalc-dims=\"1\" loading=\"lazy\" decoding=\"async\" width=\"175\" height=\"175\" src=\"https:\/\/i0.wp.com\/puertasatlantico.es\/web\/wp-content\/uploads\/2021\/02\/logo-telefono-rojo-y-blanco_contacto.jpg?resize=175%2C175&#038;ssl=1\" alt=\"\" class=\"wp-image-678\" style=\"width:88px;height:88px\" srcset=\"https:\/\/i0.wp.com\/puertasatlantico.es\/web\/wp-content\/uploads\/2021\/02\/logo-telefono-rojo-y-blanco_contacto.jpg?w=175&amp;ssl=1 175w, https:\/\/i0.wp.com\/puertasatlantico.es\/web\/wp-content\/uploads\/2021\/02\/logo-telefono-rojo-y-blanco_contacto.jpg?resize=150%2C150&amp;ssl=1 150w\" sizes=\"auto, (max-width: 175px) 100vw, 175px\" \/><\/figure>\n<\/div>\n\n\n<h3 class=\"wp-block-heading has-text-align-center has-neve-text-color-color has-text-color\">Ll\u00e1manos<\/h3>\n\n\n\n<p class=\"has-text-align-center has-neve-text-color-color has-text-color\" style=\"font-size:15px\"><a href=\"tel:+34986281230\">986 281 230<\/a><\/p>\n\n\n\n<div style=\"height:1px\" aria-hidden=\"true\" class=\"wp-block-spacer\"><\/div>\n<\/div>\n\n\n\n<div class=\"wp-block-column ticss-f6fc7494 is-layout-flow wp-block-column-is-layout-flow\">\n<div style=\"height:24px\" aria-hidden=\"true\" class=\"wp-block-spacer\"><\/div>\n\n\n<div class=\"wp-block-image icon-style is-style-rounded\">\n<figure class=\"aligncenter size-large is-resized\"><img data-recalc-dims=\"1\" loading=\"lazy\" decoding=\"async\" width=\"175\" height=\"175\" src=\"https:\/\/i0.wp.com\/puertasatlantico.es\/web\/wp-content\/uploads\/2021\/02\/logo-arroba-rojo-y-blanco_contacto.jpg?resize=175%2C175&#038;ssl=1\" alt=\"\" class=\"wp-image-680\" style=\"width:88px;height:88px\" srcset=\"https:\/\/i0.wp.com\/puertasatlantico.es\/web\/wp-content\/uploads\/2021\/02\/logo-arroba-rojo-y-blanco_contacto.jpg?w=175&amp;ssl=1 175w, https:\/\/i0.wp.com\/puertasatlantico.es\/web\/wp-content\/uploads\/2021\/02\/logo-arroba-rojo-y-blanco_contacto.jpg?resize=150%2C150&amp;ssl=1 150w\" sizes=\"auto, (max-width: 175px) 100vw, 175px\" \/><\/figure>\n<\/div>\n\n\n<h3 class=\"wp-block-heading has-text-align-center has-neve-text-color-color has-text-color\">Email<\/h3>\n\n\n\n<p class=\"has-text-align-center has-neve-text-color-color has-text-color\" style=\"font-size:15px\"><a href=\"mailto:info@puertasatlantico.es\">info@puertasatlantico.es<\/a><\/p>\n\n\n\n<div style=\"height:24px\" aria-hidden=\"true\" class=\"wp-block-spacer\"><\/div>\n<\/div>\n\n\n\n<div class=\"wp-block-column ticss-f6fc7494 is-layout-flow wp-block-column-is-layout-flow\">\n<div style=\"height:24px\" aria-hidden=\"true\" class=\"wp-block-spacer\"><\/div>\n\n\n<div class=\"wp-block-image icon-style is-style-rounded\">\n<figure class=\"aligncenter size-full is-resized\"><img data-recalc-dims=\"1\" loading=\"lazy\" decoding=\"async\" width=\"175\" height=\"175\" src=\"https:\/\/i0.wp.com\/puertasatlantico.es\/web\/wp-content\/uploads\/2023\/05\/Diseno-sin-titulo-2.jpg?resize=175%2C175&#038;ssl=1\" alt=\"Facebook de puertas atl\u00e1ntico\" class=\"wp-image-1236\" style=\"width:88px;height:88px\" srcset=\"https:\/\/i0.wp.com\/puertasatlantico.es\/web\/wp-content\/uploads\/2023\/05\/Diseno-sin-titulo-2.jpg?w=175&amp;ssl=1 175w, https:\/\/i0.wp.com\/puertasatlantico.es\/web\/wp-content\/uploads\/2023\/05\/Diseno-sin-titulo-2.jpg?resize=150%2C150&amp;ssl=1 150w\" sizes=\"auto, (max-width: 175px) 100vw, 175px\" \/><\/figure>\n<\/div>\n\n\n<h3 class=\"wp-block-heading has-text-align-center has-neve-text-color-color has-text-color\">S\u00edguenos<\/h3>\n\n\n\n<p class=\"has-text-align-center has-neve-text-color-color has-text-color\" style=\"font-size:15px\"><a href=\"mailto:info@puertasatlantico.es\">Facebook @PuertasAtlantico<\/a><\/p>\n\n\n\n<div style=\"height:24px\" aria-hidden=\"true\" class=\"wp-block-spacer\"><\/div>\n<\/div>\n\n\n\n<div class=\"wp-block-column ticss-a5b4df29 is-layout-flow wp-block-column-is-layout-flow\">\n<div style=\"height:24px\" aria-hidden=\"true\" class=\"wp-block-spacer\"><\/div>\n\n\n<div class=\"wp-block-image icon-style is-style-rounded\">\n<figure class=\"aligncenter size-large is-resized\"><img data-recalc-dims=\"1\" loading=\"lazy\" decoding=\"async\" width=\"175\" height=\"175\" src=\"https:\/\/i0.wp.com\/puertasatlantico.es\/web\/wp-content\/uploads\/2021\/02\/logo-situacion-rojo-y-blanco_contacto.jpg?resize=175%2C175&#038;ssl=1\" alt=\"\" class=\"wp-image-681\" style=\"width:88px;height:88px\" srcset=\"https:\/\/i0.wp.com\/puertasatlantico.es\/web\/wp-content\/uploads\/2021\/02\/logo-situacion-rojo-y-blanco_contacto.jpg?w=175&amp;ssl=1 175w, https:\/\/i0.wp.com\/puertasatlantico.es\/web\/wp-content\/uploads\/2021\/02\/logo-situacion-rojo-y-blanco_contacto.jpg?resize=150%2C150&amp;ssl=1 150w\" sizes=\"auto, (max-width: 175px) 100vw, 175px\" \/><\/figure>\n<\/div>\n\n\n<h3 class=\"wp-block-heading has-text-align-center has-neve-text-color-color has-text-color\">Instalaciones<\/h3>\n\n\n\n<p class=\"has-text-align-center has-neve-text-color-color has-text-color\" style=\"font-size:15px\"><a href=\"https:\/\/goo.gl\/maps\/FPHxyRHaRQMPwk388\">Freixo-Sardoma 38<\/a> <\/p>\n\n\n\n<p class=\"has-text-align-center has-neve-text-color-color has-text-color\" style=\"font-size:15px\">36214 Vigo &#8211; Pontevedra<\/p>\n\n\n\n<div style=\"height:24px\" aria-hidden=\"true\" class=\"wp-block-spacer\"><\/div>\n<\/div>\n<\/div>\n\n\n\n<h2 class=\"wp-block-heading has-text-align-center has-neve-link-color-color has-text-color has-link-color wp-elements-ce9361e01f98135ef3d93000596980fd\">Trabaja con nosotros<\/h2>\n\n\n\n<div class=\"wp-block-columns is-layout-flex wp-container-core-columns-is-layout-62db62f3 wp-block-columns-is-layout-flex\" style=\"padding-top:0;padding-bottom:0\">\n<div class=\"wp-block-column ticss-4ce656f1 is-layout-flow wp-block-column-is-layout-flow\">\n<div style=\"height:0px\" aria-hidden=\"true\" class=\"wp-block-spacer\"><\/div>\n\n\n<div class=\"wp-block-image\">\n<figure class=\"alignright size-large is-resized\"><img data-recalc-dims=\"1\" loading=\"lazy\" decoding=\"async\" width=\"576\" height=\"1024\" src=\"https:\/\/i0.wp.com\/puertasatlantico.es\/web\/wp-content\/uploads\/2025\/09\/13_1.jpg?resize=576%2C1024&#038;ssl=1\" alt=\"\" class=\"wp-image-1266\" style=\"object-fit:cover;width:289px;height:auto\" srcset=\"https:\/\/i0.wp.com\/puertasatlantico.es\/web\/wp-content\/uploads\/2025\/09\/13_1.jpg?resize=576%2C1024&amp;ssl=1 576w, https:\/\/i0.wp.com\/puertasatlantico.es\/web\/wp-content\/uploads\/2025\/09\/13_1.jpg?resize=169%2C300&amp;ssl=1 169w, https:\/\/i0.wp.com\/puertasatlantico.es\/web\/wp-content\/uploads\/2025\/09\/13_1.jpg?resize=768%2C1365&amp;ssl=1 768w, https:\/\/i0.wp.com\/puertasatlantico.es\/web\/wp-content\/uploads\/2025\/09\/13_1.jpg?resize=864%2C1536&amp;ssl=1 864w, https:\/\/i0.wp.com\/puertasatlantico.es\/web\/wp-content\/uploads\/2025\/09\/13_1.jpg?w=1080&amp;ssl=1 1080w\" sizes=\"auto, (max-width: 576px) 100vw, 576px\" \/><\/figure>\n<\/div><\/div>\n\n\n\n<div class=\"wp-block-column ticss-f6fc7494 is-layout-flow wp-block-column-is-layout-flow\"><div class=\"wp-block-image\">\n<figure class=\"alignleft size-large is-resized\"><img data-recalc-dims=\"1\" loading=\"lazy\" decoding=\"async\" width=\"576\" height=\"1024\" src=\"https:\/\/i0.wp.com\/puertasatlantico.es\/web\/wp-content\/uploads\/2025\/09\/14_1.jpg?resize=576%2C1024&#038;ssl=1\" alt=\"\" class=\"wp-image-1265\" style=\"object-fit:contain;width:291px;height:auto\" srcset=\"https:\/\/i0.wp.com\/puertasatlantico.es\/web\/wp-content\/uploads\/2025\/09\/14_1.jpg?resize=576%2C1024&amp;ssl=1 576w, https:\/\/i0.wp.com\/puertasatlantico.es\/web\/wp-content\/uploads\/2025\/09\/14_1.jpg?resize=169%2C300&amp;ssl=1 169w, https:\/\/i0.wp.com\/puertasatlantico.es\/web\/wp-content\/uploads\/2025\/09\/14_1.jpg?resize=768%2C1365&amp;ssl=1 768w, https:\/\/i0.wp.com\/puertasatlantico.es\/web\/wp-content\/uploads\/2025\/09\/14_1.jpg?resize=864%2C1536&amp;ssl=1 864w, https:\/\/i0.wp.com\/puertasatlantico.es\/web\/wp-content\/uploads\/2025\/09\/14_1.jpg?w=1080&amp;ssl=1 1080w\" sizes=\"auto, (max-width: 576px) 100vw, 576px\" \/><\/figure>\n<\/div><\/div>\n<\/div>\n\n\n\n<div style=\"height:30px\" aria-hidden=\"true\" class=\"wp-block-spacer\"><\/div>\n<\/div><\/div>\n\n\n\n<iframe loading=\"lazy\" src=\"https:\/\/www.google.com\/maps\/embed?pb=!1m18!1m12!1m3!1d621.1951823365378!2d-8.707582639492957!3d42.21617745310158!2m3!1f0!2f0!3f0!3m2!1i1024!2i768!4f13.1!3m3!1m2!1s0xd2589d47984891b%3A0x69f12df4e5e321aa!2sPuertas%20Atlantico%20SL!5e0!3m2!1ses!2ses!4v1613578520564!5m2!1ses!2ses\" width=\"1920\" height=\"400\" frameborder=\"0\" style=\"border:0;\" allowfullscreen=\"\" aria-hidden=\"false\" tabindex=\"0\"><\/iframe>\n\n\n\n<div class=\"wp-block-cover alignfull\" style=\"min-height:600px;aspect-ratio:unset;\"><span aria-hidden=\"true\" class=\"wp-block-cover__background has-nv-dark-bg-background-color has-background-dim-100 has-background-dim\"><\/span><div class=\"wp-block-cover__inner-container is-layout-flow wp-block-cover-is-layout-flow\">\n<div class=\"wp-block-group\"><div class=\"wp-block-group__inner-container is-layout-flow wp-block-group-is-layout-flow\">\n<div style=\"height:80px\" aria-hidden=\"true\" class=\"wp-block-spacer\"><\/div>\n\n\n\n<div class=\"wp-block-columns is-layout-flex wp-container-core-columns-is-layout-9d6595d7 wp-block-columns-is-layout-flex\">\n<div class=\"wp-block-column is-layout-flow wp-block-column-is-layout-flow\">\n<h2 class=\"wp-block-heading has-text-align-center has-nv-site-bg-color has-text-color\">Horario de atenci\u00f3n al cliente:<\/h2>\n<\/div>\n<\/div>\n\n\n\n<p class=\"has-text-align-center has-nv-site-bg-color has-text-color\">LUNES A VIERNES: 07:00- 15:00<\/p>\n\n\n\n<p class=\"has-text-align-center has-nv-site-bg-color has-text-color\">HORARIO DE VERANO DEL 1 JULIO AL 12 OCTUBRE<\/p>\n\n\n\n<div class=\"wp-block-columns alignfull is-layout-flex wp-container-core-columns-is-layout-9d6595d7 wp-block-columns-is-layout-flex\">\n<div class=\"wp-block-column is-layout-flow wp-block-column-is-layout-flow\" style=\"flex-basis:50%\"><\/div>\n<\/div>\n\n\n\n<div style=\"height:40px\" aria-hidden=\"true\" class=\"wp-block-spacer\"><\/div>\n<\/div><\/div>\n<\/div><\/div>\n","protected":false},"excerpt":{"rendered":"","protected":false},"author":1,"featured_media":0,"parent":0,"menu_order":0,"comment_status":"closed","ping_status":"closed","template":"","meta":{"neve_meta_sidebar":"default","neve_meta_container":"","neve_meta_enable_content_width":"on","neve_meta_content_width":100,"neve_meta_title_alignment":"center","neve_meta_author_avatar":"","neve_post_elements_order":"","neve_meta_disable_header":"","neve_meta_disable_footer":"","neve_meta_disable_title":"on","footnotes":""},"class_list":["post-75","page","type-page","status-publish","hentry"],"yoast_head":"<!-- This site is optimized with the Yoast SEO plugin v26.6 - https:\/\/yoast.com\/wordpress\/plugins\/seo\/ -->\n<title>Contacto - Puertas Atl\u00e1ntico<\/title>\n<meta name=\"description\" content=\"Puertas y cierres industriales y dom\u00e9sticos. Mantenimiento y reparaci\u00f3n. Empresa con certificados CE, porque la seguridad es lo primero.\" \/>\n<meta name=\"robots\" content=\"index, follow, max-snippet:-1, max-image-preview:large, max-video-preview:-1\" \/>\n<link rel=\"canonical\" href=\"https:\/\/puertasatlantico.es\/web\/index.php\/contacto\/\" \/>\n<meta property=\"og:locale\" content=\"es_ES\" \/>\n<meta property=\"og:type\" content=\"article\" \/>\n<meta property=\"og:title\" content=\"Contacto - Puertas Atl\u00e1ntico\" \/>\n<meta property=\"og:description\" content=\"Puertas y cierres industriales y dom\u00e9sticos. Mantenimiento y reparaci\u00f3n. Empresa con certificados CE, porque la seguridad es lo primero.\" \/>\n<meta property=\"og:url\" content=\"https:\/\/puertasatlantico.es\/web\/index.php\/contacto\/\" \/>\n<meta property=\"og:site_name\" content=\"Puertas Atl\u00e1ntico\" \/>\n<meta property=\"article:modified_time\" content=\"2025-09-17T12:33:11+00:00\" \/>\n<meta property=\"og:image\" content=\"https:\/\/puertasatlantico.es\/web\/wp-content\/uploads\/2021\/02\/logo-telefono-rojo-y-blanco_contacto.jpg\" \/>\n<meta name=\"twitter:card\" content=\"summary_large_image\" \/>\n<meta name=\"twitter:label1\" content=\"Tiempo de lectura\" \/>\n\t<meta name=\"twitter:data1\" content=\"2 minutos\" \/>\n<script type=\"application\/ld+json\" class=\"yoast-schema-graph\">{\"@context\":\"https:\/\/schema.org\",\"@graph\":[{\"@type\":\"WebPage\",\"@id\":\"https:\/\/puertasatlantico.es\/web\/index.php\/contacto\/\",\"url\":\"https:\/\/puertasatlantico.es\/web\/index.php\/contacto\/\",\"name\":\"Contacto - Puertas Atl\u00e1ntico\",\"isPartOf\":{\"@id\":\"https:\/\/puertasatlantico.es\/web\/#website\"},\"primaryImageOfPage\":{\"@id\":\"https:\/\/puertasatlantico.es\/web\/index.php\/contacto\/#primaryimage\"},\"image\":{\"@id\":\"https:\/\/puertasatlantico.es\/web\/index.php\/contacto\/#primaryimage\"},\"thumbnailUrl\":\"https:\/\/puertasatlantico.es\/web\/wp-content\/uploads\/2021\/02\/logo-telefono-rojo-y-blanco_contacto.jpg\",\"datePublished\":\"2020-01-27T08:29:32+00:00\",\"dateModified\":\"2025-09-17T12:33:11+00:00\",\"description\":\"Puertas y cierres industriales y dom\u00e9sticos. Mantenimiento y reparaci\u00f3n. Empresa con certificados CE, porque la seguridad es lo primero.\",\"breadcrumb\":{\"@id\":\"https:\/\/puertasatlantico.es\/web\/index.php\/contacto\/#breadcrumb\"},\"inLanguage\":\"es\",\"potentialAction\":[{\"@type\":\"ReadAction\",\"target\":[\"https:\/\/puertasatlantico.es\/web\/index.php\/contacto\/\"]}]},{\"@type\":\"ImageObject\",\"inLanguage\":\"es\",\"@id\":\"https:\/\/puertasatlantico.es\/web\/index.php\/contacto\/#primaryimage\",\"url\":\"https:\/\/i0.wp.com\/puertasatlantico.es\/web\/wp-content\/uploads\/2021\/02\/logo-telefono-rojo-y-blanco_contacto.jpg?fit=175%2C175&ssl=1\",\"contentUrl\":\"https:\/\/i0.wp.com\/puertasatlantico.es\/web\/wp-content\/uploads\/2021\/02\/logo-telefono-rojo-y-blanco_contacto.jpg?fit=175%2C175&ssl=1\",\"width\":175,\"height\":175},{\"@type\":\"BreadcrumbList\",\"@id\":\"https:\/\/puertasatlantico.es\/web\/index.php\/contacto\/#breadcrumb\",\"itemListElement\":[{\"@type\":\"ListItem\",\"position\":1,\"name\":\"Portada\",\"item\":\"https:\/\/puertasatlantico.es\/web\/\"},{\"@type\":\"ListItem\",\"position\":2,\"name\":\"Contacto\"}]},{\"@type\":\"WebSite\",\"@id\":\"https:\/\/puertasatlantico.es\/web\/#website\",\"url\":\"https:\/\/puertasatlantico.es\/web\/\",\"name\":\"Puertas Atl\u00e1ntico\",\"description\":\"La seguridad es lo primero\",\"publisher\":{\"@id\":\"https:\/\/puertasatlantico.es\/web\/#organization\"},\"potentialAction\":[{\"@type\":\"SearchAction\",\"target\":{\"@type\":\"EntryPoint\",\"urlTemplate\":\"https:\/\/puertasatlantico.es\/web\/?s={search_term_string}\"},\"query-input\":{\"@type\":\"PropertyValueSpecification\",\"valueRequired\":true,\"valueName\":\"search_term_string\"}}],\"inLanguage\":\"es\"},{\"@type\":\"Organization\",\"@id\":\"https:\/\/puertasatlantico.es\/web\/#organization\",\"name\":\"Puertas Atl\u00e1ntico\",\"url\":\"https:\/\/puertasatlantico.es\/web\/\",\"logo\":{\"@type\":\"ImageObject\",\"inLanguage\":\"es\",\"@id\":\"https:\/\/puertasatlantico.es\/web\/#\/schema\/logo\/image\/\",\"url\":\"https:\/\/i2.wp.com\/puertasatlantico.es\/web\/wp-content\/uploads\/2021\/02\/icono_logo_captura.jpg?fit=341%2C402&ssl=1\",\"contentUrl\":\"https:\/\/i2.wp.com\/puertasatlantico.es\/web\/wp-content\/uploads\/2021\/02\/icono_logo_captura.jpg?fit=341%2C402&ssl=1\",\"width\":341,\"height\":402,\"caption\":\"Puertas Atl\u00e1ntico\"},\"image\":{\"@id\":\"https:\/\/puertasatlantico.es\/web\/#\/schema\/logo\/image\/\"}}]}<\/script>\n<!-- \/ Yoast SEO plugin. -->","yoast_head_json":{"title":"Contacto - Puertas Atl\u00e1ntico","description":"Puertas y cierres industriales y dom\u00e9sticos. Mantenimiento y reparaci\u00f3n. Empresa con certificados CE, porque la seguridad es lo primero.","robots":{"index":"index","follow":"follow","max-snippet":"max-snippet:-1","max-image-preview":"max-image-preview:large","max-video-preview":"max-video-preview:-1"},"canonical":"https:\/\/puertasatlantico.es\/web\/index.php\/contacto\/","og_locale":"es_ES","og_type":"article","og_title":"Contacto - Puertas Atl\u00e1ntico","og_description":"Puertas y cierres industriales y dom\u00e9sticos. Mantenimiento y reparaci\u00f3n. Empresa con certificados CE, porque la seguridad es lo primero.","og_url":"https:\/\/puertasatlantico.es\/web\/index.php\/contacto\/","og_site_name":"Puertas Atl\u00e1ntico","article_modified_time":"2025-09-17T12:33:11+00:00","og_image":[{"url":"https:\/\/puertasatlantico.es\/web\/wp-content\/uploads\/2021\/02\/logo-telefono-rojo-y-blanco_contacto.jpg","type":"","width":"","height":""}],"twitter_card":"summary_large_image","twitter_misc":{"Tiempo de lectura":"2 minutos"},"schema":{"@context":"https:\/\/schema.org","@graph":[{"@type":"WebPage","@id":"https:\/\/puertasatlantico.es\/web\/index.php\/contacto\/","url":"https:\/\/puertasatlantico.es\/web\/index.php\/contacto\/","name":"Contacto - Puertas Atl\u00e1ntico","isPartOf":{"@id":"https:\/\/puertasatlantico.es\/web\/#website"},"primaryImageOfPage":{"@id":"https:\/\/puertasatlantico.es\/web\/index.php\/contacto\/#primaryimage"},"image":{"@id":"https:\/\/puertasatlantico.es\/web\/index.php\/contacto\/#primaryimage"},"thumbnailUrl":"https:\/\/puertasatlantico.es\/web\/wp-content\/uploads\/2021\/02\/logo-telefono-rojo-y-blanco_contacto.jpg","datePublished":"2020-01-27T08:29:32+00:00","dateModified":"2025-09-17T12:33:11+00:00","description":"Puertas y cierres industriales y dom\u00e9sticos. Mantenimiento y reparaci\u00f3n. Empresa con certificados CE, porque la seguridad es lo primero.","breadcrumb":{"@id":"https:\/\/puertasatlantico.es\/web\/index.php\/contacto\/#breadcrumb"},"inLanguage":"es","potentialAction":[{"@type":"ReadAction","target":["https:\/\/puertasatlantico.es\/web\/index.php\/contacto\/"]}]},{"@type":"ImageObject","inLanguage":"es","@id":"https:\/\/puertasatlantico.es\/web\/index.php\/contacto\/#primaryimage","url":"https:\/\/i0.wp.com\/puertasatlantico.es\/web\/wp-content\/uploads\/2021\/02\/logo-telefono-rojo-y-blanco_contacto.jpg?fit=175%2C175&ssl=1","contentUrl":"https:\/\/i0.wp.com\/puertasatlantico.es\/web\/wp-content\/uploads\/2021\/02\/logo-telefono-rojo-y-blanco_contacto.jpg?fit=175%2C175&ssl=1","width":175,"height":175},{"@type":"BreadcrumbList","@id":"https:\/\/puertasatlantico.es\/web\/index.php\/contacto\/#breadcrumb","itemListElement":[{"@type":"ListItem","position":1,"name":"Portada","item":"https:\/\/puertasatlantico.es\/web\/"},{"@type":"ListItem","position":2,"name":"Contacto"}]},{"@type":"WebSite","@id":"https:\/\/puertasatlantico.es\/web\/#website","url":"https:\/\/puertasatlantico.es\/web\/","name":"Puertas Atl\u00e1ntico","description":"La seguridad es lo primero","publisher":{"@id":"https:\/\/puertasatlantico.es\/web\/#organization"},"potentialAction":[{"@type":"SearchAction","target":{"@type":"EntryPoint","urlTemplate":"https:\/\/puertasatlantico.es\/web\/?s={search_term_string}"},"query-input":{"@type":"PropertyValueSpecification","valueRequired":true,"valueName":"search_term_string"}}],"inLanguage":"es"},{"@type":"Organization","@id":"https:\/\/puertasatlantico.es\/web\/#organization","name":"Puertas Atl\u00e1ntico","url":"https:\/\/puertasatlantico.es\/web\/","logo":{"@type":"ImageObject","inLanguage":"es","@id":"https:\/\/puertasatlantico.es\/web\/#\/schema\/logo\/image\/","url":"https:\/\/i2.wp.com\/puertasatlantico.es\/web\/wp-content\/uploads\/2021\/02\/icono_logo_captura.jpg?fit=341%2C402&ssl=1","contentUrl":"https:\/\/i2.wp.com\/puertasatlantico.es\/web\/wp-content\/uploads\/2021\/02\/icono_logo_captura.jpg?fit=341%2C402&ssl=1","width":341,"height":402,"caption":"Puertas Atl\u00e1ntico"},"image":{"@id":"https:\/\/puertasatlantico.es\/web\/#\/schema\/logo\/image\/"}}]}},"jetpack_sharing_enabled":true,"_links":{"self":[{"href":"https:\/\/puertasatlantico.es\/web\/index.php\/wp-json\/wp\/v2\/pages\/75","targetHints":{"allow":["GET"]}}],"collection":[{"href":"https:\/\/puertasatlantico.es\/web\/index.php\/wp-json\/wp\/v2\/pages"}],"about":[{"href":"https:\/\/puertasatlantico.es\/web\/index.php\/wp-json\/wp\/v2\/types\/page"}],"author":[{"embeddable":true,"href":"https:\/\/puertasatlantico.es\/web\/index.php\/wp-json\/wp\/v2\/users\/1"}],"replies":[{"embeddable":true,"href":"https:\/\/puertasatlantico.es\/web\/index.php\/wp-json\/wp\/v2\/comments?post=75"}],"version-history":[{"count":31,"href":"https:\/\/puertasatlantico.es\/web\/index.php\/wp-json\/wp\/v2\/pages\/75\/revisions"}],"predecessor-version":[{"id":1272,"href":"https:\/\/puertasatlantico.es\/web\/index.php\/wp-json\/wp\/v2\/pages\/75\/revisions\/1272"}],"wp:attachment":[{"href":"https:\/\/puertasatlantico.es\/web\/index.php\/wp-json\/wp\/v2\/media?parent=75"}],"curies":[{"name":"wp","href":"https:\/\/api.w.org\/{rel}","templated":true}]}}